{"id":1349,"date":"2025-11-12T11:54:47","date_gmt":"2025-11-12T11:54:47","guid":{"rendered":"https:\/\/pruebas.dosesferascomunicacion.com\/?page_id=1349"},"modified":"2025-12-03T15:03:15","modified_gmt":"2025-12-03T15:03:15","slug":"contacto","status":"publish","type":"page","link":"https:\/\/pruebas.dosesferascomunicacion.com\/index.php\/contacto\/","title":{"rendered":"Contacto"},"content":{"rendered":"\t\t<div data-elementor-type=\"wp-page\" data-elementor-id=\"1349\" class=\"elementor elementor-1349\" data-elementor-post-type=\"page\">\n\t\t\t\t<div class=\"elementor-element elementor-element-d277298 e-flex e-con-boxed e-con e-parent\" data-id=\"d277298\" data-element_type=\"container\" data-settings=\"{&quot;background_background&quot;:&quot;classic&quot;}\">\n\t\t\t\t\t<div class=\"e-con-inner\">\n\t\t<div class=\"elementor-element elementor-element-6c5e83d e-con-full e-flex e-con e-child\" data-id=\"6c5e83d\" data-element_type=\"container\">\n\t\t\t\t<div class=\"elementor-element elementor-element-1cc8a94 elementor-widget__width-initial elementor-widget elementor-widget-text-editor\" data-id=\"1cc8a94\" data-element_type=\"widget\" data-widget_type=\"text-editor.default\">\n\t\t\t\t\t\t\t\t\t<p>cu\u00e9ntanos<\/p>\t\t\t\t\t\t\t\t<\/div>\n\t\t\t\t<\/div>\n\t\t<div class=\"elementor-element elementor-element-56c39a4 e-con-full e-flex e-con e-child\" data-id=\"56c39a4\" data-element_type=\"container\">\n\t\t\t\t<div class=\"elementor-element elementor-element-8caeb78 elementor-widget__width-inherit elementor-widget elementor-widget-html\" data-id=\"8caeb78\" data-element_type=\"widget\" data-widget_type=\"html.default\">\n\t\t\t\t\t<h1 class=\"animated-title\">\r\n  <span>q<\/span><span>u<\/span><span>e<\/span>\r\n  <span>r<\/span><span>e<\/span><span>m<\/span><span>o<\/span><span>s<\/span>\r\n<\/h1>\r\n\r\n<style>\r\n.animated-title {\r\n  font-size: 105px;\r\n  font-family: 'Poppins', sans-serif;\r\n  display: flex;\r\n  justify-content: center; \/* centrado horizontal *\/\r\n  flex-wrap: wrap;\r\n  gap: 5px;\r\n  line-height: 1.2;\r\n  text-align: center; \/* centrado de texto *\/\r\n}\r\n\r\n.animated-title strong,\r\n.animated-title span {\r\n  display: inline-block;\r\n  transform: translateY(100%);\r\n  opacity: 0;\r\n  transition: all 0.4s ease;\r\n}\r\n\r\n\/* Animaci\u00f3n: mostrar letras *\/\r\n.animated-title .show {\r\n  transform: translateY(0);\r\n  opacity: 1;\r\n}\r\n\r\n\/* \ud83d\udd39 Versi\u00f3n m\u00f3vil *\/\r\n@media (max-width: 768px) {\r\n  .animated-title {\r\n    font-size: 50px; \/* Tama\u00f1o reducido *\/\r\n    gap: 3px; \/* Menor espacio entre letras *\/\r\n    line-height: 1.1;\r\n  }\r\n}\r\n<\/style>\r\n\r\n<script>\r\nconst letters = document.querySelectorAll('.animated-title strong, .animated-title span');\r\n\r\nletters.forEach((letter, i) => {\r\n  setTimeout(() => {\r\n    letter.classList.add('show');\r\n  }, i * 100); \/\/ retraso en cascada\r\n});\r\n<\/script>\r\n\t\t\t\t<\/div>\n\t\t\t\t<div class=\"elementor-element elementor-element-aa7c9cd elementor-widget__width-inherit elementor-widget elementor-widget-html\" data-id=\"aa7c9cd\" data-element_type=\"widget\" data-widget_type=\"html.default\">\n\t\t\t\t\t<h1 class=\"animated-title-2\">\r\n  <span>s<\/span><span>a<\/span><span>b<\/span><span>e<\/span><span>r<\/span><span>d<\/span><span>e<\/span><strong>t<\/strong><strong>i<\/strong>\r\n<\/h1>\r\n\r\n<style>\r\n.animated-title-2 {\r\n  font-size: 105px;\r\n  font-family: 'Poppins', sans-serif;\r\n  display: flex;\r\n  justify-content: center; \/* centrado horizontal *\/\r\n  flex-wrap: wrap;\r\n  gap: 5px;\r\n  line-height: 1.2;\r\n  text-align: center; \/* centrado de texto *\/\r\n}\r\n\r\n.animated-title-2 strong,\r\n.animated-title-2 span {\r\n  display: inline-block;\r\n  transform: translateY(100%);\r\n  opacity: 0;\r\n  transition: all 0.4s ease;\r\n}\r\n\r\n\/* Animaci\u00f3n: mostrar letras *\/\r\n.animated-title-2 .show {\r\n  transform: translateY(0);\r\n  opacity: 1;\r\n}\r\n\r\n\/* \ud83d\udd39 Versi\u00f3n m\u00f3vil *\/\r\n@media (max-width: 768px) {\r\n  .animated-title-2 {\r\n    font-size: 50px; \/* Tama\u00f1o reducido *\/\r\n    gap: 3px; \/* Menor espacio entre letras *\/\r\n    line-height: 1.1;\r\n  }\r\n}\r\n<\/style>\r\n\r\n<script>\r\ndocument.addEventListener('DOMContentLoaded', () => {\r\n  const letters = document.querySelectorAll('.animated-title-2 strong, .animated-title-2 span');\r\n  letters.forEach((letter, i) => {\r\n    setTimeout(() => {\r\n      letter.classList.add('show');\r\n    }, i * 100); \/\/ retraso en cascada\r\n  });\r\n});\r\n<\/script>\r\n\t\t\t\t<\/div>\n\t\t\t\t<\/div>\n\t\t<div class=\"elementor-element elementor-element-c6a6ca3 e-con-full e-flex e-con e-child\" data-id=\"c6a6ca3\" data-element_type=\"container\">\n\t\t\t\t<div class=\"elementor-element elementor-element-3efb8ae elementor-widget__width-initial elementor-widget elementor-widget-text-editor\" data-id=\"3efb8ae\" data-element_type=\"widget\" data-widget_type=\"text-editor.default\">\n\t\t\t\t\t\t\t\t\t<p>te ayudaremos<\/p>\t\t\t\t\t\t\t\t<\/div>\n\t\t\t\t<\/div>\n\t\t\t\t\t<\/div>\n\t\t\t\t<\/div>\n\t\t<div class=\"elementor-element elementor-element-ecc7d95 e-flex e-con-boxed e-con e-parent\" data-id=\"ecc7d95\" data-element_type=\"container\">\n\t\t\t\t\t<div class=\"e-con-inner\">\n\t\t<div class=\"elementor-element elementor-element-cab35ed e-con-full e-flex e-con e-child\" data-id=\"cab35ed\" data-element_type=\"container\">\n\t\t\t\t<div class=\"elementor-element elementor-element-b417133 empezamos animated-fast elementor-invisible elementor-widget elementor-widget-heading\" data-id=\"b417133\" data-element_type=\"widget\" data-settings=\"{&quot;_animation&quot;:&quot;fadeInLeft&quot;,&quot;_animation_delay&quot;:100}\" data-widget_type=\"heading.default\">\n\t\t\t\t\t<h2 class=\"elementor-heading-title elementor-size-default\">\u00bfempezamos? <\/h2>\t\t\t\t<\/div>\n\t\t\t\t<div class=\"elementor-element elementor-element-c18d734 animated-fast elementor-invisible elementor-widget elementor-widget-text-editor\" data-id=\"c18d734\" data-element_type=\"widget\" data-settings=\"{&quot;_animation&quot;:&quot;fadeInUp&quot;}\" data-widget_type=\"text-editor.default\">\n\t\t\t\t\t\t\t\t\t\n<div class=\"wpcf7 no-js\" id=\"wpcf7-f145-o1\" lang=\"es-ES\" dir=\"ltr\" data-wpcf7-id=\"145\">\n<div class=\"screen-reader-response\"><p role=\"status\" aria-live=\"polite\" aria-atomic=\"true\"><\/p> <ul><\/ul><\/div>\n<form action=\"\/index.php\/wp-json\/wp\/v2\/pages\/1349#wpcf7-f145-o1\" method=\"post\" class=\"wpcf7-form init\" aria-label=\"Formulario de contacto\" novalidate=\"novalidate\" data-status=\"init\">\n<fieldset class=\"hidden-fields-container\"><input type=\"hidden\" name=\"_wpcf7\" value=\"145\" \/><input type=\"hidden\" name=\"_wpcf7_version\" value=\"6.1.4\" \/><input type=\"hidden\" name=\"_wpcf7_locale\" value=\"es_ES\" \/><input type=\"hidden\" name=\"_wpcf7_unit_tag\" value=\"wpcf7-f145-o1\" \/><input type=\"hidden\" name=\"_wpcf7_container_post\" value=\"0\" \/><input type=\"hidden\" name=\"_wpcf7_posted_data_hash\" value=\"\" \/>\n<\/fieldset>\n<p><label> Tu nombre 2<br \/>\n<span class=\"wpcf7-form-control-wrap\" data-name=\"your-name\"><input size=\"40\" maxlength=\"400\" class=\"wpcf7-form-control wpcf7-text wpcf7-validates-as-required\" autocomplete=\"name\" aria-required=\"true\" aria-invalid=\"false\" value=\"\" type=\"text\" name=\"your-name\" \/><\/span> <\/label>\n<\/p>\n<p><label> Tu correo electr\u00f3nico 2<br \/>\n<span class=\"wpcf7-form-control-wrap\" data-name=\"your-email\"><input size=\"40\" maxlength=\"400\" class=\"wpcf7-form-control wpcf7-email wpcf7-validates-as-required wpcf7-text wpcf7-validates-as-email\" autocomplete=\"email\" aria-required=\"true\" aria-invalid=\"false\" value=\"\" type=\"email\" name=\"your-email\" \/><\/span> <\/label>\n<\/p>\n<p><label> Asunto 2<br \/>\n<span class=\"wpcf7-form-control-wrap\" data-name=\"your-subject\"><input size=\"40\" maxlength=\"400\" class=\"wpcf7-form-control wpcf7-text wpcf7-validates-as-required\" aria-required=\"true\" aria-invalid=\"false\" value=\"\" type=\"text\" name=\"your-subject\" \/><\/span> <\/label>\n<\/p>\n<p><label> Tu mensaje (opcional) 2<br \/>\n<span class=\"wpcf7-form-control-wrap\" data-name=\"your-message\"><textarea cols=\"40\" rows=\"10\" maxlength=\"2000\" class=\"wpcf7-form-control wpcf7-textarea\" aria-invalid=\"false\" name=\"your-message\"><\/textarea><\/span> <\/label>\n<\/p>\n<p><input class=\"wpcf7-form-control wpcf7-submit has-spinner\" type=\"submit\" value=\"Enviar\" \/>\n<\/p><div class=\"wpcf7-response-output\" aria-hidden=\"true\"><\/div>\n<\/form>\n<\/div>\n\t\t\t\t\t\t\t\t<\/div>\n\t\t\t\t<\/div>\n\t\t<div class=\"elementor-element elementor-element-ecd5643 e-con-full e-flex e-con e-child\" data-id=\"ecd5643\" data-element_type=\"container\" data-settings=\"{&quot;background_background&quot;:&quot;classic&quot;}\">\n\t\t\t\t<div class=\"elementor-element elementor-element-472039c elementor-shape-circle elementor-grid-1 e-grid-align-right elementor-grid-mobile-0 elementor-widget elementor-widget-social-icons\" data-id=\"472039c\" data-element_type=\"widget\" data-widget_type=\"social-icons.default\">\n\t\t\t\t\t\t\t<div class=\"elementor-social-icons-wrapper elementor-grid\" role=\"list\">\n\t\t\t\t\t\t\t<span class=\"elementor-grid-item\" role=\"listitem\">\n\t\t\t\t\t<a class=\"elementor-icon elementor-social-icon elementor-social-icon-facebook elementor-repeater-item-7b1efa0\" target=\"_blank\">\n\t\t\t\t\t\t<span class=\"elementor-screen-only\">Facebook<\/span>\n\t\t\t\t\t\t<svg aria-hidden=\"true\" class=\"e-font-icon-svg e-fab-facebook\" viewBox=\"0 0 512 512\" xmlns=\"http:\/\/www.w3.org\/2000\/svg\"><path d=\"M504 256C504 119 393 8 256 8S8 119 8 256c0 123.78 90.69 226.38 209.25 245V327.69h-63V256h63v-54.64c0-62.15 37-96.48 93.67-96.48 27.14 0 55.52 4.84 55.52 4.84v61h-31.28c-30.8 0-40.41 19.12-40.41 38.73V256h68.78l-11 71.69h-57.78V501C413.31 482.38 504 379.78 504 256z\"><\/path><\/svg>\t\t\t\t\t<\/a>\n\t\t\t\t<\/span>\n\t\t\t\t\t\t\t<span class=\"elementor-grid-item\" role=\"listitem\">\n\t\t\t\t\t<a class=\"elementor-icon elementor-social-icon elementor-social-icon-twitter elementor-repeater-item-3fdf068\" target=\"_blank\">\n\t\t\t\t\t\t<span class=\"elementor-screen-only\">Twitter<\/span>\n\t\t\t\t\t\t<svg aria-hidden=\"true\" class=\"e-font-icon-svg e-fab-twitter\" viewBox=\"0 0 512 512\" xmlns=\"http:\/\/www.w3.org\/2000\/svg\"><path d=\"M459.37 151.716c.325 4.548.325 9.097.325 13.645 0 138.72-105.583 298.558-298.558 298.558-59.452 0-114.68-17.219-161.137-47.106 8.447.974 16.568 1.299 25.34 1.299 49.055 0 94.213-16.568 130.274-44.832-46.132-.975-84.792-31.188-98.112-72.772 6.498.974 12.995 1.624 19.818 1.624 9.421 0 18.843-1.3 27.614-3.573-48.081-9.747-84.143-51.98-84.143-102.985v-1.299c13.969 7.797 30.214 12.67 47.431 13.319-28.264-18.843-46.781-51.005-46.781-87.391 0-19.492 5.197-37.36 14.294-52.954 51.655 63.675 129.3 105.258 216.365 109.807-1.624-7.797-2.599-15.918-2.599-24.04 0-57.828 46.782-104.934 104.934-104.934 30.213 0 57.502 12.67 76.67 33.137 23.715-4.548 46.456-13.32 66.599-25.34-7.798 24.366-24.366 44.833-46.132 57.827 21.117-2.273 41.584-8.122 60.426-16.243-14.292 20.791-32.161 39.308-52.628 54.253z\"><\/path><\/svg>\t\t\t\t\t<\/a>\n\t\t\t\t<\/span>\n\t\t\t\t\t\t\t<span class=\"elementor-grid-item\" role=\"listitem\">\n\t\t\t\t\t<a class=\"elementor-icon elementor-social-icon elementor-social-icon-youtube elementor-repeater-item-0755d48\" target=\"_blank\">\n\t\t\t\t\t\t<span class=\"elementor-screen-only\">Youtube<\/span>\n\t\t\t\t\t\t<svg aria-hidden=\"true\" class=\"e-font-icon-svg e-fab-youtube\" viewBox=\"0 0 576 512\" xmlns=\"http:\/\/www.w3.org\/2000\/svg\"><path d=\"M549.655 124.083c-6.281-23.65-24.787-42.276-48.284-48.597C458.781 64 288 64 288 64S117.22 64 74.629 75.486c-23.497 6.322-42.003 24.947-48.284 48.597-11.412 42.867-11.412 132.305-11.412 132.305s0 89.438 11.412 132.305c6.281 23.65 24.787 41.5 48.284 47.821C117.22 448 288 448 288 448s170.78 0 213.371-11.486c23.497-6.321 42.003-24.171 48.284-47.821 11.412-42.867 11.412-132.305 11.412-132.305s0-89.438-11.412-132.305zm-317.51 213.508V175.185l142.739 81.205-142.739 81.201z\"><\/path><\/svg>\t\t\t\t\t<\/a>\n\t\t\t\t<\/span>\n\t\t\t\t\t\t\t<span class=\"elementor-grid-item\" role=\"listitem\">\n\t\t\t\t\t<a class=\"elementor-icon elementor-social-icon elementor-social-icon-instagram elementor-repeater-item-d583c66\" target=\"_blank\">\n\t\t\t\t\t\t<span class=\"elementor-screen-only\">Instagram<\/span>\n\t\t\t\t\t\t<svg aria-hidden=\"true\" class=\"e-font-icon-svg e-fab-instagram\" viewBox=\"0 0 448 512\" xmlns=\"http:\/\/www.w3.org\/2000\/svg\"><path d=\"M224.1 141c-63.6 0-114.9 51.3-114.9 114.9s51.3 114.9 114.9 114.9S339 319.5 339 255.9 287.7 141 224.1 141zm0 189.6c-41.1 0-74.7-33.5-74.7-74.7s33.5-74.7 74.7-74.7 74.7 33.5 74.7 74.7-33.6 74.7-74.7 74.7zm146.4-194.3c0 14.9-12 26.8-26.8 26.8-14.9 0-26.8-12-26.8-26.8s12-26.8 26.8-26.8 26.8 12 26.8 26.8zm76.1 27.2c-1.7-35.9-9.9-67.7-36.2-93.9-26.2-26.2-58-34.4-93.9-36.2-37-2.1-147.9-2.1-184.9 0-35.8 1.7-67.6 9.9-93.9 36.1s-34.4 58-36.2 93.9c-2.1 37-2.1 147.9 0 184.9 1.7 35.9 9.9 67.7 36.2 93.9s58 34.4 93.9 36.2c37 2.1 147.9 2.1 184.9 0 35.9-1.7 67.7-9.9 93.9-36.2 26.2-26.2 34.4-58 36.2-93.9 2.1-37 2.1-147.8 0-184.8zM398.8 388c-7.8 19.6-22.9 34.7-42.6 42.6-29.5 11.7-99.5 9-132.1 9s-102.7 2.6-132.1-9c-19.6-7.8-34.7-22.9-42.6-42.6-11.7-29.5-9-99.5-9-132.1s-2.6-102.7 9-132.1c7.8-19.6 22.9-34.7 42.6-42.6 29.5-11.7 99.5-9 132.1-9s102.7-2.6 132.1 9c19.6 7.8 34.7 22.9 42.6 42.6 11.7 29.5 9 99.5 9 132.1s2.7 102.7-9 132.1z\"><\/path><\/svg>\t\t\t\t\t<\/a>\n\t\t\t\t<\/span>\n\t\t\t\t\t\t\t<span class=\"elementor-grid-item\" role=\"listitem\">\n\t\t\t\t\t<a class=\"elementor-icon elementor-social-icon elementor-social-icon-linkedin elementor-repeater-item-ff91bb8\" target=\"_blank\">\n\t\t\t\t\t\t<span class=\"elementor-screen-only\">Linkedin<\/span>\n\t\t\t\t\t\t<svg aria-hidden=\"true\" class=\"e-font-icon-svg e-fab-linkedin\" viewBox=\"0 0 448 512\" xmlns=\"http:\/\/www.w3.org\/2000\/svg\"><path d=\"M416 32H31.9C14.3 32 0 46.5 0 64.3v383.4C0 465.5 14.3 480 31.9 480H416c17.6 0 32-14.5 32-32.3V64.3c0-17.8-14.4-32.3-32-32.3zM135.4 416H69V202.2h66.5V416zm-33.2-243c-21.3 0-38.5-17.3-38.5-38.5S80.9 96 102.2 96c21.2 0 38.5 17.3 38.5 38.5 0 21.3-17.2 38.5-38.5 38.5zm282.1 243h-66.4V312c0-24.8-.5-56.7-34.5-56.7-34.6 0-39.9 27-39.9 54.9V416h-66.4V202.2h63.7v29.2h.9c8.9-16.8 30.6-34.5 62.9-34.5 67.2 0 79.7 44.3 79.7 101.9V416z\"><\/path><\/svg>\t\t\t\t\t<\/a>\n\t\t\t\t<\/span>\n\t\t\t\t\t<\/div>\n\t\t\t\t\t\t<\/div>\n\t\t\t\t<div class=\"elementor-element elementor-element-7677498 elementor-widget elementor-widget-text-editor\" data-id=\"7677498\" data-element_type=\"widget\" data-widget_type=\"text-editor.default\">\n\t\t\t\t\t\t\t\t\t<p>Ll\u00e1manos<br \/><a href=\"tel:+34678761895\">678761895<\/a><\/p><p>Comunicaci\u00f3n:<br \/><a href=\"mailto:info@dosesferascomunicacion.com\">info@dosesferascomunicacion.com<\/a><\/p><p>Administraci\u00f3n:<br \/><a href=\"mailto:admin@dosesferascomunicacion.com\">admin@dosesferascomunicacion.com<\/a><\/p><p>lun &#8211; vie 9am &#8211; 6pm<\/p>\t\t\t\t\t\t\t\t<\/div>\n\t\t\t\t<\/div>\n\t\t\t\t\t<\/div>\n\t\t\t\t<\/div>\n\t\t<div class=\"elementor-element elementor-element-a7516d5 e-flex e-con-boxed e-con e-parent\" data-id=\"a7516d5\" data-element_type=\"container\">\n\t\t\t\t\t<div class=\"e-con-inner\">\n\t\t\t\t<div class=\"elementor-element elementor-element-b3ff331 encuentranos animated-fast elementor-invisible elementor-widget elementor-widget-heading\" data-id=\"b3ff331\" data-element_type=\"widget\" data-settings=\"{&quot;_animation&quot;:&quot;fadeInLeft&quot;,&quot;_animation_delay&quot;:100}\" data-widget_type=\"heading.default\">\n\t\t\t\t\t<h2 class=\"elementor-heading-title elementor-size-default\">encu\u00e9ntranos en<\/h2>\t\t\t\t<\/div>\n\t\t\t\t<div class=\"elementor-element elementor-element-38bb53d elementor-position-right elementor-view-default elementor-mobile-position-top elementor-widget elementor-widget-icon-box\" data-id=\"38bb53d\" data-element_type=\"widget\" data-widget_type=\"icon-box.default\">\n\t\t\t\t\t\t\t<div class=\"elementor-icon-box-wrapper\">\n\n\t\t\t\t\t\t<div class=\"elementor-icon-box-icon\">\n\t\t\t\t<span  class=\"elementor-icon\">\n\t\t\t\t<svg aria-hidden=\"true\" class=\"e-font-icon-svg e-far-dot-circle\" viewBox=\"0 0 512 512\" xmlns=\"http:\/\/www.w3.org\/2000\/svg\"><path d=\"M256 56c110.532 0 200 89.451 200 200 0 110.532-89.451 200-200 200-110.532 0-200-89.451-200-200 0-110.532 89.451-200 200-200m0-48C119.033 8 8 119.033 8 256s111.033 248 248 248 248-111.033 248-248S392.967 8 256 8zm0 168c-44.183 0-80 35.817-80 80s35.817 80 80 80 80-35.817 80-80-35.817-80-80-80z\"><\/path><\/svg>\t\t\t\t<\/span>\n\t\t\t<\/div>\n\t\t\t\n\t\t\t\t\t\t<div class=\"elementor-icon-box-content\">\n\n\t\t\t\t\t\t\t\t\t<h3 class=\"elementor-icon-box-title\">\n\t\t\t\t\t\t<span  >\n\t\t\t\t\t\t\tCamino Las Torres 4, Zaragoza\t\t\t\t\t\t<\/span>\n\t\t\t\t\t<\/h3>\n\t\t\t\t\n\t\t\t\t\n\t\t\t<\/div>\n\t\t\t\n\t\t<\/div>\n\t\t\t\t\t\t<\/div>\n\t\t\t\t\t<\/div>\n\t\t\t\t<\/div>\n\t\t<div class=\"elementor-element elementor-element-31fb184 e-con-full e-flex e-con e-parent\" data-id=\"31fb184\" data-element_type=\"container\" data-settings=\"{&quot;background_background&quot;:&quot;classic&quot;}\">\n\t\t\t\t<div class=\"elementor-element elementor-element-212ca58 elementor-widget__width-initial elementor-widget elementor-widget-google_maps\" data-id=\"212ca58\" data-element_type=\"widget\" data-widget_type=\"google_maps.default\">\n\t\t\t\t\t\t\t<div class=\"elementor-custom-embed\">\n\t\t\t<iframe loading=\"lazy\"\n\t\t\t\t\tsrc=\"https:\/\/maps.google.com\/maps?q=camino%20las%20torres%204%20zaragoza&#038;t=m&#038;z=16&#038;output=embed&#038;iwloc=near\"\n\t\t\t\t\ttitle=\"camino las torres 4 zaragoza\"\n\t\t\t\t\taria-label=\"camino las torres 4 zaragoza\"\n\t\t\t><\/iframe>\n\t\t<\/div>\n\t\t\t\t\t\t<\/div>\n\t\t\t\t<\/div>\n\t\t\t\t<\/div>\n\t\t","protected":false},"excerpt":{"rendered":"<p>cu\u00e9ntanos que remos saberdeti te ayudaremos \u00bfempezamos? Facebook Twitter Youtube Instagram Linkedin Ll\u00e1manos678761895 Comunicaci\u00f3n:info@dosesferascomunicacion.com Administraci\u00f3n:admin@dosesferascomunicacion.com lun &#8211; vie 9am &#8211; 6pm encu\u00e9ntranos en Camino Las Torres 4, Zaragoza<\/p>\n","protected":false},"author":1,"featured_media":0,"parent":0,"menu_order":0,"comment_status":"closed","ping_status":"closed","template":"","meta":{"_eb_attr":"","footnotes":""},"class_list":["post-1349","page","type-page","status-publish","hentry"],"_links":{"self":[{"href":"https:\/\/pruebas.dosesferascomunicacion.com\/index.php\/wp-json\/wp\/v2\/pages\/1349","targetHints":{"allow":["GET"]}}],"collection":[{"href":"https:\/\/pruebas.dosesferascomunicacion.com\/index.php\/wp-json\/wp\/v2\/pages"}],"about":[{"href":"https:\/\/pruebas.dosesferascomunicacion.com\/index.php\/wp-json\/wp\/v2\/types\/page"}],"author":[{"embeddable":true,"href":"https:\/\/pruebas.dosesferascomunicacion.com\/index.php\/wp-json\/wp\/v2\/users\/1"}],"replies":[{"embeddable":true,"href":"https:\/\/pruebas.dosesferascomunicacion.com\/index.php\/wp-json\/wp\/v2\/comments?post=1349"}],"version-history":[{"count":115,"href":"https:\/\/pruebas.dosesferascomunicacion.com\/index.php\/wp-json\/wp\/v2\/pages\/1349\/revisions"}],"predecessor-version":[{"id":2281,"href":"https:\/\/pruebas.dosesferascomunicacion.com\/index.php\/wp-json\/wp\/v2\/pages\/1349\/revisions\/2281"}],"wp:attachment":[{"href":"https:\/\/pruebas.dosesferascomunicacion.com\/index.php\/wp-json\/wp\/v2\/media?parent=1349"}],"curies":[{"name":"wp","href":"https:\/\/api.w.org\/{rel}","templated":true}]}}